{"id":926,"date":"2024-10-06T18:14:54","date_gmt":"2024-10-06T18:14:54","guid":{"rendered":"https:\/\/esvb-tt.fr\/?page_id=926"},"modified":"2025-10-09T17:37:07","modified_gmt":"2025-10-09T17:37:07","slug":"boutique-esvbtt","status":"publish","type":"page","link":"https:\/\/esvb-tt.fr\/?page_id=926","title":{"rendered":"Boutique ESVBTT"},"content":{"rendered":"\n<p>Depuis 2022, l&rsquo;ESVB Tennis de Table travaille avec Sport Clique pour proposer quelques articles \u00e0 l&rsquo;effigie du Club. <\/p>\n\n\n\n<p>Le Polo \u00ab\u00a0match\u00a0\u00bb est un maillot sublim\u00e9 (imprim\u00e9 dans le tissu). Le co\u00fbt du Polo est de 39\u20ac hors remise. Le club propose le Polo \u00ab\u00a0match\u00a0\u00bb \u00e0 25\u20ac et prend en charge la diff\u00e9rence. <\/p>\n\n\n\n<hr class=\"wp-block-separator has-alpha-channel-opacity\"\/>\n\n\n\n<figure class=\"wp-block-image size-large is-resized\"><img fetchpriority=\"high\" decoding=\"async\" width=\"724\" height=\"1024\" src=\"https:\/\/esvb-tt.fr\/wp-content\/uploads\/2025\/09\/Boutique-ESVB-TT_2025-724x1024.jpg\" alt=\"\" class=\"wp-image-1028\" style=\"width:661px;height:auto\" srcset=\"https:\/\/esvb-tt.fr\/wp-content\/uploads\/2025\/09\/Boutique-ESVB-TT_2025-724x1024.jpg 724w, https:\/\/esvb-tt.fr\/wp-content\/uploads\/2025\/09\/Boutique-ESVB-TT_2025-212x300.jpg 212w, https:\/\/esvb-tt.fr\/wp-content\/uploads\/2025\/09\/Boutique-ESVB-TT_2025-768x1086.jpg 768w, https:\/\/esvb-tt.fr\/wp-content\/uploads\/2025\/09\/Boutique-ESVB-TT_2025-1086x1536.jpg 1086w, https:\/\/esvb-tt.fr\/wp-content\/uploads\/2025\/09\/Boutique-ESVB-TT_2025.jpg 1414w\" sizes=\"(max-width: 724px) 100vw, 724px\" \/><\/figure>\n\n\n\n<div data-wp-interactive=\"core\/file\" class=\"wp-block-file alignleft\"><object data-wp-bind--hidden=\"!state.hasPdfPreview\" hidden class=\"wp-block-file__embed\" data=\"https:\/\/esvb-tt.fr\/wp-content\/uploads\/2025\/10\/Bon-de-commande_ESVBTT.pdf\" type=\"application\/pdf\" style=\"width:100%;height:200px\" aria-label=\"Contenu embarqu\u00e9 Bon de commande_ESVBTT.\"><\/object><a id=\"wp-block-file--media-502918f8-5ef8-431d-bc91-5221dba0725b\" href=\"https:\/\/esvb-tt.fr\/wp-content\/uploads\/2025\/10\/Bon-de-commande_ESVBTT.pdf\">Bon de commande_ESVBTT<\/a><a href=\"https:\/\/esvb-tt.fr\/wp-content\/uploads\/2025\/10\/Bon-de-commande_ESVBTT.pdf\" class=\"wp-block-file__button wp-element-button\" download aria-describedby=\"wp-block-file--media-502918f8-5ef8-431d-bc91-5221dba0725b\">T\u00e9l\u00e9charger<\/a><\/div>\n\n\n\n<p><\/p>\n","protected":false},"excerpt":{"rendered":"<p>Depuis 2022, l&rsquo;ESVB Tennis de Table travaille avec Sport Clique pour proposer quelques articles \u00e0 l&rsquo;effigie du Club. Le Polo \u00ab\u00a0match\u00a0\u00bb est un maillot sublim\u00e9 (imprim\u00e9 dans le tissu). Le co\u00fbt du Polo est de 39\u20ac hors remise. Le club propose le Polo \u00ab\u00a0match\u00a0\u00bb \u00e0 25\u20ac et prend en charge la diff\u00e9rence.<\/p>\n","protected":false},"author":1,"featured_media":0,"parent":0,"menu_order":0,"comment_status":"closed","ping_status":"closed","template":"","meta":{"om_disable_all_campaigns":false,"_monsterinsights_skip_tracking":false,"_monsterinsights_sitenote_active":false,"_monsterinsights_sitenote_note":"","_monsterinsights_sitenote_category":0,"footnotes":""},"class_list":["post-926","page","type-page","status-publish","hentry"],"aioseo_notices":[],"_links":{"self":[{"href":"https:\/\/esvb-tt.fr\/index.php?rest_route=\/wp\/v2\/pages\/926","targetHints":{"allow":["GET"]}}],"collection":[{"href":"https:\/\/esvb-tt.fr\/index.php?rest_route=\/wp\/v2\/pages"}],"about":[{"href":"https:\/\/esvb-tt.fr\/index.php?rest_route=\/wp\/v2\/types\/page"}],"author":[{"embeddable":true,"href":"https:\/\/esvb-tt.fr\/index.php?rest_route=\/wp\/v2\/users\/1"}],"replies":[{"embeddable":true,"href":"https:\/\/esvb-tt.fr\/index.php?rest_route=%2Fwp%2Fv2%2Fcomments&post=926"}],"version-history":[{"count":9,"href":"https:\/\/esvb-tt.fr\/index.php?rest_route=\/wp\/v2\/pages\/926\/revisions"}],"predecessor-version":[{"id":1039,"href":"https:\/\/esvb-tt.fr\/index.php?rest_route=\/wp\/v2\/pages\/926\/revisions\/1039"}],"wp:attachment":[{"href":"https:\/\/esvb-tt.fr\/index.php?rest_route=%2Fwp%2Fv2%2Fmedia&parent=926"}],"curies":[{"name":"wp","href":"https:\/\/api.w.org\/{rel}","templated":true}]}}