{"id":482,"date":"2022-08-19T21:14:54","date_gmt":"2022-08-19T21:14:54","guid":{"rendered":"https:\/\/esvb-tt.fr\/?page_id=482"},"modified":"2025-06-23T17:43:30","modified_gmt":"2025-06-23T17:43:30","slug":"questionnaire-medical","status":"publish","type":"page","link":"https:\/\/esvb-tt.fr\/?page_id=482","title":{"rendered":"Questionnaire m\u00e9dical"},"content":{"rendered":"\n<p>La F\u00e9d\u00e9ration Fran\u00e7aise de Tennis de Table a modifi\u00e9 sa r\u00e8glementation en terme de document m\u00e9dical : certificat m\u00e9dical, auto-questionnaire mineur, auto-questionnaire. <br>Pour tout renseignement, nous consulter&#8230;<\/p>\n\n\n\n<div class=\"wp-block-columns is-layout-flex wp-container-core-columns-is-layout-9d6595d7 wp-block-columns-is-layout-flex\">\n<div class=\"wp-block-column is-layout-flow wp-block-column-is-layout-flow\">\n<div data-wp-interactive=\"core\/file\" class=\"wp-block-file\"><object data-wp-bind--hidden=\"!state.hasPdfPreview\" hidden class=\"wp-block-file__embed\" data=\"https:\/\/esvb-tt.fr\/wp-content\/uploads\/2025\/06\/Autoquestionnaire-medical-2025-2026.pdf\" type=\"application\/pdf\" style=\"width:100%;height:600px\" aria-label=\"Contenu embarqu\u00e9 Autoquestionnaire m\u00e9dical 2025-2026.\"><\/object><a id=\"wp-block-file--media-47cf499f-8ff2-4fc4-a8f7-291c0e53f5ff\" href=\"https:\/\/esvb-tt.fr\/wp-content\/uploads\/2025\/06\/Autoquestionnaire-medical-2025-2026.pdf\" target=\"_blank\" rel=\"noreferrer noopener\">Autoquestionnaire m\u00e9dical 2025-2026<\/a><a href=\"https:\/\/esvb-tt.fr\/wp-content\/uploads\/2025\/06\/Autoquestionnaire-medical-2025-2026.pdf\" class=\"wp-block-file__button wp-element-button\" download aria-describedby=\"wp-block-file--media-47cf499f-8ff2-4fc4-a8f7-291c0e53f5ff\">T\u00e9l\u00e9charger<\/a><\/div>\n<\/div>\n\n\n\n<div class=\"wp-block-column is-layout-flow wp-block-column-is-layout-flow\">\n<div data-wp-interactive=\"core\/file\" class=\"wp-block-file\"><object data-wp-bind--hidden=\"!state.hasPdfPreview\" hidden class=\"wp-block-file__embed\" data=\"https:\/\/esvb-tt.fr\/wp-content\/uploads\/2025\/06\/Autoquestionnaire-medical-2025-2026_mineur.pdf\" type=\"application\/pdf\" style=\"width:100%;height:600px\" aria-label=\"Contenu embarqu\u00e9 Autoquestionnaire m\u00e9dical 2025-2026_mineur.\"><\/object><a id=\"wp-block-file--media-8889127c-fd0f-47f2-ac3d-8a4c3c257b42\" href=\"https:\/\/esvb-tt.fr\/wp-content\/uploads\/2025\/06\/Autoquestionnaire-medical-2025-2026_mineur.pdf\" target=\"_blank\" rel=\"noreferrer noopener\">Autoquestionnaire m\u00e9dical 2025-2026_mineur<\/a><a href=\"https:\/\/esvb-tt.fr\/wp-content\/uploads\/2025\/06\/Autoquestionnaire-medical-2025-2026_mineur.pdf\" class=\"wp-block-file__button wp-element-button\" download aria-describedby=\"wp-block-file--media-8889127c-fd0f-47f2-ac3d-8a4c3c257b42\">T\u00e9l\u00e9charger<\/a><\/div>\n<\/div>\n<\/div>\n\n\n\n<hr class=\"wp-block-separator has-alpha-channel-opacity\"\/>\n\n\n\n<p>Pour toute nouvelle inscription, mineur ou majeur, le <a href=\"https:\/\/esvb-tt.fr\/?page_id=481\" target=\"_blank\" rel=\"noopener\" title=\"\">certificat m\u00e9dical<\/a> est exig\u00e9 par la FFTT pour la pratique du tennis de table en comp\u00e9tition ou en loisirs.<\/p>\n\n\n\n<p><\/p>\n","protected":false},"excerpt":{"rendered":"<p>La F\u00e9d\u00e9ration Fran\u00e7aise de Tennis de Table a modifi\u00e9 sa r\u00e8glementation en terme de document m\u00e9dical : certificat m\u00e9dical, auto-questionnaire mineur, auto-questionnaire. Pour tout renseignement, nous consulter&#8230; Pour toute nouvelle inscription, mineur ou majeur, le certificat m\u00e9dical est exig\u00e9 par la FFTT pour la pratique du tennis de table en comp\u00e9tition ou en loisirs.<\/p>\n","protected":false},"author":1,"featured_media":0,"parent":0,"menu_order":0,"comment_status":"closed","ping_status":"closed","template":"","meta":{"om_disable_all_campaigns":false,"_monsterinsights_skip_tracking":false,"_monsterinsights_sitenote_active":false,"_monsterinsights_sitenote_note":"","_monsterinsights_sitenote_category":0,"footnotes":""},"class_list":["post-482","page","type-page","status-publish","hentry"],"aioseo_notices":[],"_links":{"self":[{"href":"https:\/\/esvb-tt.fr\/index.php?rest_route=\/wp\/v2\/pages\/482","targetHints":{"allow":["GET"]}}],"collection":[{"href":"https:\/\/esvb-tt.fr\/index.php?rest_route=\/wp\/v2\/pages"}],"about":[{"href":"https:\/\/esvb-tt.fr\/index.php?rest_route=\/wp\/v2\/types\/page"}],"author":[{"embeddable":true,"href":"https:\/\/esvb-tt.fr\/index.php?rest_route=\/wp\/v2\/users\/1"}],"replies":[{"embeddable":true,"href":"https:\/\/esvb-tt.fr\/index.php?rest_route=%2Fwp%2Fv2%2Fcomments&post=482"}],"version-history":[{"count":8,"href":"https:\/\/esvb-tt.fr\/index.php?rest_route=\/wp\/v2\/pages\/482\/revisions"}],"predecessor-version":[{"id":1003,"href":"https:\/\/esvb-tt.fr\/index.php?rest_route=\/wp\/v2\/pages\/482\/revisions\/1003"}],"wp:attachment":[{"href":"https:\/\/esvb-tt.fr\/index.php?rest_route=%2Fwp%2Fv2%2Fmedia&parent=482"}],"curies":[{"name":"wp","href":"https:\/\/api.w.org\/{rel}","templated":true}]}}