{"id":481,"date":"2022-08-19T21:14:54","date_gmt":"2022-08-19T21:14:54","guid":{"rendered":"https:\/\/esvb-tt.fr\/?page_id=481"},"modified":"2025-06-23T17:40:38","modified_gmt":"2025-06-23T17:40:38","slug":"certificat-medical-3","status":"publish","type":"page","link":"https:\/\/esvb-tt.fr\/?page_id=481","title":{"rendered":"Certificat m\u00e9dical"},"content":{"rendered":"\n<p>Pour toute nouvelle inscription au tennis de table, en loisirs ou en comp\u00e9tition, un certificat m\u00e9dical de non contre-indication \u00e0 la pratique est n\u00e9cessaire. <br>Vous pouvez le t\u00e9l\u00e9charger ci-dessous et le faire compl\u00e9ter par votre m\u00e9decin.<\/p>\n\n\n\n<div data-wp-interactive=\"core\/file\" class=\"wp-block-file\"><object data-wp-bind--hidden=\"!state.hasPdfPreview\" hidden class=\"wp-block-file__embed\" data=\"https:\/\/esvb-tt.fr\/wp-content\/uploads\/2025\/06\/Certificat-medical-2025-2026.pdf\" type=\"application\/pdf\" style=\"width:100%;height:600px\" aria-label=\"Contenu embarqu\u00e9 Certificat m\u00e9dical 2025-2026.\"><\/object><a id=\"wp-block-file--media-5a482438-88ab-4b2c-b9c6-b4d892f2f306\" href=\"https:\/\/esvb-tt.fr\/wp-content\/uploads\/2025\/06\/Certificat-medical-2025-2026.pdf\" target=\"_blank\" rel=\"noreferrer noopener\">Certificat m\u00e9dical 2025-2026<\/a><a href=\"https:\/\/esvb-tt.fr\/wp-content\/uploads\/2025\/06\/Certificat-medical-2025-2026.pdf\" class=\"wp-block-file__button wp-element-button\" download aria-describedby=\"wp-block-file--media-5a482438-88ab-4b2c-b9c6-b4d892f2f306\">T\u00e9l\u00e9charger<\/a><\/div>\n","protected":false},"excerpt":{"rendered":"<p>Pour toute nouvelle inscription au tennis de table, en loisirs ou en comp\u00e9tition, un certificat m\u00e9dical de non contre-indication \u00e0 la pratique est n\u00e9cessaire. Vous pouvez le t\u00e9l\u00e9charger ci-dessous et le faire compl\u00e9ter par votre m\u00e9decin.<\/p>\n","protected":false},"author":1,"featured_media":0,"parent":0,"menu_order":0,"comment_status":"closed","ping_status":"closed","template":"","meta":{"om_disable_all_campaigns":false,"_monsterinsights_skip_tracking":false,"_monsterinsights_sitenote_active":false,"_monsterinsights_sitenote_note":"","_monsterinsights_sitenote_category":0,"footnotes":""},"class_list":["post-481","page","type-page","status-publish","hentry"],"aioseo_notices":[],"_links":{"self":[{"href":"https:\/\/esvb-tt.fr\/index.php?rest_route=\/wp\/v2\/pages\/481","targetHints":{"allow":["GET"]}}],"collection":[{"href":"https:\/\/esvb-tt.fr\/index.php?rest_route=\/wp\/v2\/pages"}],"about":[{"href":"https:\/\/esvb-tt.fr\/index.php?rest_route=\/wp\/v2\/types\/page"}],"author":[{"embeddable":true,"href":"https:\/\/esvb-tt.fr\/index.php?rest_route=\/wp\/v2\/users\/1"}],"replies":[{"embeddable":true,"href":"https:\/\/esvb-tt.fr\/index.php?rest_route=%2Fwp%2Fv2%2Fcomments&post=481"}],"version-history":[{"count":6,"href":"https:\/\/esvb-tt.fr\/index.php?rest_route=\/wp\/v2\/pages\/481\/revisions"}],"predecessor-version":[{"id":998,"href":"https:\/\/esvb-tt.fr\/index.php?rest_route=\/wp\/v2\/pages\/481\/revisions\/998"}],"wp:attachment":[{"href":"https:\/\/esvb-tt.fr\/index.php?rest_route=%2Fwp%2Fv2%2Fmedia&parent=481"}],"curies":[{"name":"wp","href":"https:\/\/api.w.org\/{rel}","templated":true}]}}