{"id":480,"date":"2022-08-19T21:14:54","date_gmt":"2022-08-19T21:14:54","guid":{"rendered":"https:\/\/esvb-tt.fr\/?page_id=480"},"modified":"2025-06-23T17:38:27","modified_gmt":"2025-06-23T17:38:27","slug":"licences","status":"publish","type":"page","link":"https:\/\/esvb-tt.fr\/?page_id=480","title":{"rendered":"Licence"},"content":{"rendered":"\n<p>Comp\u00e9tition ? Loisirs ? ou seulement Dirigeant ? <strong>un seul document<\/strong><br>Il y a une licence pour chaque personne qui souhaiterait nous rejoindre.<\/p>\n\n\n\n<p><\/p>\n\n\n\n<p><strong>La Licence \u00ab\u00a0Dirigeant\u00a0\u00bb<\/strong> permet \u00e0 un membre de participer \u00e0 la vie du Club, \u00e0 l&rsquo;organisation d&rsquo;\u00e9v\u00e9nements et animations sans prendre part ni aux entra\u00eenements ni \u00e0 aucune comp\u00e9tition. Cette licence ne n\u00e9cessite aucun certificat m\u00e9dical. <\/p>\n\n\n\n<p><\/p>\n\n\n\n<p><strong>La Licence \u00ab\u00a0Loisir\u00a0\u00bb<\/strong> permet \u00e0 un joueur de participer aux entra\u00eenements libres et dirig\u00e9s sur les cr\u00e9neaux identifi\u00e9s et au championnat ou tournoi \u00ab\u00a0Loisirs\u00a0\u00bb du comit\u00e9 d\u00e9partemental (sp\u00e9cialit\u00e9 du Maine-et-Loire).<\/p>\n\n\n\n<p><\/p>\n\n\n\n<p><strong>La Licence \u00ab\u00a0Comp\u00e9tition\u00a0\u00bb<\/strong> permet \u00e0 un joueur de participer \u00e0 l&rsquo;ensemble des comp\u00e9titions organis\u00e9es au sein de la F\u00e9d\u00e9ration Fran\u00e7aise de Tennis de Table. <\/p>\n\n\n\n<p><\/p>\n\n\n\n<hr class=\"wp-block-separator has-alpha-channel-opacity\"\/>\n\n\n\n<div data-wp-interactive=\"core\/file\" class=\"wp-block-file\"><object data-wp-bind--hidden=\"!state.hasPdfPreview\" hidden class=\"wp-block-file__embed\" data=\"https:\/\/esvb-tt.fr\/wp-content\/uploads\/2025\/06\/Bordereau-licence_2025-2026.pdf\" type=\"application\/pdf\" style=\"width:100%;height:600px\" aria-label=\"Contenu embarqu\u00e9 Bordereau licence_2025-2026.\"><\/object><a id=\"wp-block-file--media-77d33e46-6018-48b4-bbcd-2d911d35c6e2\" href=\"https:\/\/esvb-tt.fr\/wp-content\/uploads\/2025\/06\/Bordereau-licence_2025-2026.pdf\" target=\"_blank\" rel=\"noreferrer noopener\">Bordereau licence_2025-2026<\/a><a href=\"https:\/\/esvb-tt.fr\/wp-content\/uploads\/2025\/06\/Bordereau-licence_2025-2026.pdf\" class=\"wp-block-file__button wp-element-button\" download aria-describedby=\"wp-block-file--media-77d33e46-6018-48b4-bbcd-2d911d35c6e2\">T\u00e9l\u00e9charger<\/a><\/div>\n","protected":false},"excerpt":{"rendered":"<p>Comp\u00e9tition ? Loisirs ? ou seulement Dirigeant ? un seul documentIl y a une licence pour chaque personne qui souhaiterait nous rejoindre. La Licence \u00ab\u00a0Dirigeant\u00a0\u00bb permet \u00e0 un membre de participer \u00e0 la vie du Club, \u00e0 l&rsquo;organisation d&rsquo;\u00e9v\u00e9nements et animations sans prendre part ni aux entra\u00eenements ni \u00e0 aucune comp\u00e9tition. Cette licence ne n\u00e9cessite [&hellip;]<\/p>\n","protected":false},"author":1,"featured_media":0,"parent":0,"menu_order":0,"comment_status":"closed","ping_status":"closed","template":"elementor_theme","meta":{"om_disable_all_campaigns":false,"_monsterinsights_skip_tracking":false,"_monsterinsights_sitenote_active":false,"_monsterinsights_sitenote_note":"","_monsterinsights_sitenote_category":0,"footnotes":""},"class_list":["post-480","page","type-page","status-publish","hentry"],"aioseo_notices":[],"_links":{"self":[{"href":"https:\/\/esvb-tt.fr\/index.php?rest_route=\/wp\/v2\/pages\/480","targetHints":{"allow":["GET"]}}],"collection":[{"href":"https:\/\/esvb-tt.fr\/index.php?rest_route=\/wp\/v2\/pages"}],"about":[{"href":"https:\/\/esvb-tt.fr\/index.php?rest_route=\/wp\/v2\/types\/page"}],"author":[{"embeddable":true,"href":"https:\/\/esvb-tt.fr\/index.php?rest_route=\/wp\/v2\/users\/1"}],"replies":[{"embeddable":true,"href":"https:\/\/esvb-tt.fr\/index.php?rest_route=%2Fwp%2Fv2%2Fcomments&post=480"}],"version-history":[{"count":10,"href":"https:\/\/esvb-tt.fr\/index.php?rest_route=\/wp\/v2\/pages\/480\/revisions"}],"predecessor-version":[{"id":992,"href":"https:\/\/esvb-tt.fr\/index.php?rest_route=\/wp\/v2\/pages\/480\/revisions\/992"}],"wp:attachment":[{"href":"https:\/\/esvb-tt.fr\/index.php?rest_route=%2Fwp%2Fv2%2Fmedia&parent=480"}],"curies":[{"name":"wp","href":"https:\/\/api.w.org\/{rel}","templated":true}]}}