{"id":415,"date":"2022-08-19T13:54:33","date_gmt":"2022-08-19T13:54:33","guid":{"rendered":"https:\/\/esvb-tt.fr\/?page_id=415"},"modified":"2024-08-22T20:41:13","modified_gmt":"2024-08-22T20:41:13","slug":"un-peu-dhistoire","status":"publish","type":"page","link":"https:\/\/esvb-tt.fr\/?page_id=415","title":{"rendered":"Un peu d&rsquo;histoire"},"content":{"rendered":"\n<p>Vous trouverez ci-dessous un r\u00e9capitulatif des 3 derni\u00e8res saisons 2023-24, 2022-23 et 2021-22. <br>Il s&rsquo;agit d&rsquo;extraits des pr\u00e9sentations des Assembl\u00e9es G\u00e9n\u00e9rales.<\/p>\n\n\n\n<hr class=\"wp-block-separator has-alpha-channel-opacity\"\/>\n\n\n\n<p class=\"has-text-align-center has-black-color has-vivid-red-background-color has-text-color has-background\" style=\"font-size:20px;font-style:normal;font-weight:800\">Focus sur la saison 2023-2024<\/p>\n\n\n\n<figure class=\"wp-block-video\"><video height=\"720\" style=\"aspect-ratio: 1280 \/ 720;\" width=\"1280\" controls src=\"https:\/\/esvb-tt.fr\/wp-content\/uploads\/2024\/08\/Presentation-Club-2023-2024-1.mp4\"><\/video><\/figure>\n\n\n\n<hr class=\"wp-block-separator has-alpha-channel-opacity\"\/>\n\n\n\n<p class=\"has-text-align-center has-black-color has-vivid-red-background-color has-text-color has-background\" style=\"font-size:20px;font-style:normal;font-weight:800\">Focus sur la saison 2022-2023<\/p>\n\n\n\n<figure class=\"wp-block-video\"><video height=\"720\" style=\"aspect-ratio: 1280 \/ 720;\" width=\"1280\" controls src=\"https:\/\/esvb-tt.fr\/wp-content\/uploads\/2023\/08\/Presentation-CLUB-extrait-AG-2022-2023.mp4\"><\/video><\/figure>\n\n\n\n<hr class=\"wp-block-separator has-alpha-channel-opacity\"\/>\n\n\n\n<hr class=\"wp-block-separator has-alpha-channel-opacity\"\/>\n\n\n\n<p class=\"has-text-align-center has-black-color has-vivid-red-background-color has-text-color has-background\" style=\"font-size:20px;font-style:normal;font-weight:800\">Focus sur la saison 2021-2022<\/p>\n\n\n\n<figure class=\"wp-block-video\"><video height=\"720\" style=\"aspect-ratio: 1280 \/ 720;\" width=\"1280\" controls src=\"http:\/\/esvb-tt.fr\/wp-content\/uploads\/2022\/08\/Presentation-Forum-des-Assos.mp4\"><\/video><\/figure>\n","protected":false},"excerpt":{"rendered":"<p>Vous trouverez ci-dessous un r\u00e9capitulatif des 3 derni\u00e8res saisons 2023-24, 2022-23 et 2021-22. Il s&rsquo;agit d&rsquo;extraits des pr\u00e9sentations des Assembl\u00e9es G\u00e9n\u00e9rales. Focus sur la saison 2023-2024 Focus sur la saison 2022-2023 Focus sur la saison 2021-2022<\/p>\n","protected":false},"author":1,"featured_media":0,"parent":0,"menu_order":0,"comment_status":"closed","ping_status":"closed","template":"","meta":{"om_disable_all_campaigns":false,"_monsterinsights_skip_tracking":false,"_monsterinsights_sitenote_active":false,"_monsterinsights_sitenote_note":"","_monsterinsights_sitenote_category":0,"footnotes":""},"class_list":["post-415","page","type-page","status-publish","hentry"],"aioseo_notices":[],"_links":{"self":[{"href":"https:\/\/esvb-tt.fr\/index.php?rest_route=\/wp\/v2\/pages\/415","targetHints":{"allow":["GET"]}}],"collection":[{"href":"https:\/\/esvb-tt.fr\/index.php?rest_route=\/wp\/v2\/pages"}],"about":[{"href":"https:\/\/esvb-tt.fr\/index.php?rest_route=\/wp\/v2\/types\/page"}],"author":[{"embeddable":true,"href":"https:\/\/esvb-tt.fr\/index.php?rest_route=\/wp\/v2\/users\/1"}],"replies":[{"embeddable":true,"href":"https:\/\/esvb-tt.fr\/index.php?rest_route=%2Fwp%2Fv2%2Fcomments&post=415"}],"version-history":[{"count":15,"href":"https:\/\/esvb-tt.fr\/index.php?rest_route=\/wp\/v2\/pages\/415\/revisions"}],"predecessor-version":[{"id":903,"href":"https:\/\/esvb-tt.fr\/index.php?rest_route=\/wp\/v2\/pages\/415\/revisions\/903"}],"wp:attachment":[{"href":"https:\/\/esvb-tt.fr\/index.php?rest_route=%2Fwp%2Fv2%2Fmedia&parent=415"}],"curies":[{"name":"wp","href":"https:\/\/api.w.org\/{rel}","templated":true}]}}