{"id":414,"date":"2022-08-19T13:54:33","date_gmt":"2022-08-19T13:54:33","guid":{"rendered":"https:\/\/esvb-tt.fr\/?page_id=414"},"modified":"2024-08-22T19:51:25","modified_gmt":"2024-08-22T19:51:25","slug":"le-bureau","status":"publish","type":"page","link":"https:\/\/esvb-tt.fr\/?page_id=414","title":{"rendered":"Le Bureau"},"content":{"rendered":"\n<p>Le bureau est compos\u00e9 exclusivement de b\u00e9n\u00e9voles qui donnent de leur temps pour faire vivre le projet de l&rsquo;E.S.V.B. Tennis de Table. <\/p>\n\n\n\n<p>D&rsquo;autres membres sont \u00e9galement tr\u00e8s actifs pour la vie du Club : Juge Arbitre, Responsables d&rsquo;\u00e9quipes et lors des \u00e9v\u00e9nements.  <\/p>\n\n\n\n<hr class=\"wp-block-separator has-alpha-channel-opacity\"\/>\n\n\n\n<ul class=\"wp-block-list\">\n<li>Pr\u00e9sident : Arnaud P.<\/li>\n\n\n\n<li>Tr\u00e9sorier : Denis P.<\/li>\n\n\n\n<li>Secr\u00e9taire : Vincent B.<\/li>\n\n\n\n<li>Correspondant Club : Fabrice F.<\/li>\n\n\n\n<li style=\"font-style:normal;font-weight:700\">Autres membres : Micka\u00ebl \/ Francis \/ Christophe \/ Laurent \/ Damien \/ Dany \/ Nicolas<\/li>\n<\/ul>\n","protected":false},"excerpt":{"rendered":"<p>Le bureau est compos\u00e9 exclusivement de b\u00e9n\u00e9voles qui donnent de leur temps pour faire vivre le projet de l&rsquo;E.S.V.B. Tennis de Table. D&rsquo;autres membres sont \u00e9galement tr\u00e8s actifs pour la vie du Club : Juge Arbitre, Responsables d&rsquo;\u00e9quipes et lors des \u00e9v\u00e9nements.<\/p>\n","protected":false},"author":1,"featured_media":0,"parent":0,"menu_order":0,"comment_status":"closed","ping_status":"closed","template":"","meta":{"om_disable_all_campaigns":false,"_monsterinsights_skip_tracking":false,"_monsterinsights_sitenote_active":false,"_monsterinsights_sitenote_note":"","_monsterinsights_sitenote_category":0,"footnotes":""},"class_list":["post-414","page","type-page","status-publish","hentry"],"aioseo_notices":[],"_links":{"self":[{"href":"https:\/\/esvb-tt.fr\/index.php?rest_route=\/wp\/v2\/pages\/414","targetHints":{"allow":["GET"]}}],"collection":[{"href":"https:\/\/esvb-tt.fr\/index.php?rest_route=\/wp\/v2\/pages"}],"about":[{"href":"https:\/\/esvb-tt.fr\/index.php?rest_route=\/wp\/v2\/types\/page"}],"author":[{"embeddable":true,"href":"https:\/\/esvb-tt.fr\/index.php?rest_route=\/wp\/v2\/users\/1"}],"replies":[{"embeddable":true,"href":"https:\/\/esvb-tt.fr\/index.php?rest_route=%2Fwp%2Fv2%2Fcomments&post=414"}],"version-history":[{"count":7,"href":"https:\/\/esvb-tt.fr\/index.php?rest_route=\/wp\/v2\/pages\/414\/revisions"}],"predecessor-version":[{"id":876,"href":"https:\/\/esvb-tt.fr\/index.php?rest_route=\/wp\/v2\/pages\/414\/revisions\/876"}],"wp:attachment":[{"href":"https:\/\/esvb-tt.fr\/index.php?rest_route=%2Fwp%2Fv2%2Fmedia&parent=414"}],"curies":[{"name":"wp","href":"https:\/\/api.w.org\/{rel}","templated":true}]}}