{"id":402,"date":"2022-08-19T13:27:13","date_gmt":"2022-08-19T13:27:13","guid":{"rendered":"https:\/\/esvb-tt.fr\/?page_id=402"},"modified":"2026-03-21T09:52:01","modified_gmt":"2026-03-21T09:52:01","slug":"actualites","status":"publish","type":"page","link":"https:\/\/esvb-tt.fr\/","title":{"rendered":"Actualit\u00e9s"},"content":{"rendered":"\n<h2 class=\"wp-block-heading\"><mark style=\"background-color:rgba(0, 0, 0, 0)\" class=\"has-inline-color has-vivid-red-color\">2026 se poursuit&#8230; <\/mark><\/h2>\n\n\n\n<p>On avance tranquillement dans la saison&#8230; avant le week-end de P\u00e2ques, une soir\u00e9e \u00ab\u00a0ultimate Ping\u00a0\u00bb et Pizza \ud83d\ude42<\/p>\n\n\n\n<figure class=\"wp-block-gallery has-nested-images columns-default is-cropped wp-block-gallery-1 is-layout-flex wp-block-gallery-is-layout-flex\">\n<figure class=\"wp-block-image size-large\"><img fetchpriority=\"high\" decoding=\"async\" width=\"724\" height=\"1024\" data-id=\"1056\" src=\"https:\/\/esvb-tt.fr\/wp-content\/uploads\/2026\/03\/Ultimate-Ping-3-04-2026-724x1024.jpg\" alt=\"\" class=\"wp-image-1056\" srcset=\"https:\/\/esvb-tt.fr\/wp-content\/uploads\/2026\/03\/Ultimate-Ping-3-04-2026-724x1024.jpg 724w, https:\/\/esvb-tt.fr\/wp-content\/uploads\/2026\/03\/Ultimate-Ping-3-04-2026-212x300.jpg 212w, https:\/\/esvb-tt.fr\/wp-content\/uploads\/2026\/03\/Ultimate-Ping-3-04-2026-768x1086.jpg 768w, https:\/\/esvb-tt.fr\/wp-content\/uploads\/2026\/03\/Ultimate-Ping-3-04-2026.jpg 1061w\" sizes=\"(max-width: 724px) 100vw, 724px\" \/><\/figure>\n<\/figure>\n\n\n\n<hr class=\"wp-block-separator has-alpha-channel-opacity\"\/>\n\n\n\n<h2 class=\"wp-block-heading\"><mark style=\"background-color:rgba(0, 0, 0, 0)\" class=\"has-inline-color has-vivid-red-color\">Entra\u00eenement Jeunes d\u00e9butants<\/mark><\/h2>\n\n\n\n<p>Tous les mercredis, Arnaud (entra\u00eeneur b\u00e9n\u00e9vole) encadre vos enfants de 17h30 \u00e0 18h30, \u00e0 la salle des sports de Baun\u00e9&#8230; une initiation, une d\u00e9couverte et vite les premi\u00e8res progressions.<\/p>\n\n\n\n<figure class=\"wp-block-image size-large is-resized\"><img decoding=\"async\" width=\"724\" height=\"1024\" src=\"https:\/\/esvb-tt.fr\/wp-content\/uploads\/2025\/09\/Entrainement-Jeunes-encadre-724x1024.jpg\" alt=\"\" class=\"wp-image-1008\" style=\"width:382px;height:auto\" srcset=\"https:\/\/esvb-tt.fr\/wp-content\/uploads\/2025\/09\/Entrainement-Jeunes-encadre-724x1024.jpg 724w, https:\/\/esvb-tt.fr\/wp-content\/uploads\/2025\/09\/Entrainement-Jeunes-encadre-212x300.jpg 212w, https:\/\/esvb-tt.fr\/wp-content\/uploads\/2025\/09\/Entrainement-Jeunes-encadre-768x1086.jpg 768w, https:\/\/esvb-tt.fr\/wp-content\/uploads\/2025\/09\/Entrainement-Jeunes-encadre-1086x1536.jpg 1086w, https:\/\/esvb-tt.fr\/wp-content\/uploads\/2025\/09\/Entrainement-Jeunes-encadre-1448x2048.jpg 1448w, https:\/\/esvb-tt.fr\/wp-content\/uploads\/2025\/09\/Entrainement-Jeunes-encadre.jpg 1587w\" sizes=\"(max-width: 724px) 100vw, 724px\" \/><\/figure>\n\n\n\n<hr class=\"wp-block-separator has-alpha-channel-opacity is-style-wide\"\/>\n\n\n\n<h2 class=\"wp-block-heading\"><mark style=\"background-color:rgba(0, 0, 0, 0)\" class=\"has-inline-color has-vivid-red-color\">Entra\u00eenement dirig\u00e9 avec Jean-Baptiste<\/mark><\/h2>\n\n\n\n<p>Chaque mercredi, hors vacances scolaires, un \u00e9ducateur sportif dipl\u00f4m\u00e9 vient proposer un entra\u00eenement dirig\u00e9&#8230; des paniers de balle, de la r\u00e9p\u00e9tition, des exercices, des jeux&#8230; tous les ingr\u00e9dients pour progresser.<\/p>\n\n\n\n<figure class=\"wp-block-image size-large is-resized\"><img decoding=\"async\" width=\"724\" height=\"1024\" src=\"https:\/\/esvb-tt.fr\/wp-content\/uploads\/2025\/09\/Entrainement-dirige-724x1024.jpg\" alt=\"\" class=\"wp-image-1007\" style=\"width:380px;height:auto\" srcset=\"https:\/\/esvb-tt.fr\/wp-content\/uploads\/2025\/09\/Entrainement-dirige-724x1024.jpg 724w, https:\/\/esvb-tt.fr\/wp-content\/uploads\/2025\/09\/Entrainement-dirige-212x300.jpg 212w, https:\/\/esvb-tt.fr\/wp-content\/uploads\/2025\/09\/Entrainement-dirige-768x1086.jpg 768w, https:\/\/esvb-tt.fr\/wp-content\/uploads\/2025\/09\/Entrainement-dirige-1086x1536.jpg 1086w, https:\/\/esvb-tt.fr\/wp-content\/uploads\/2025\/09\/Entrainement-dirige-1448x2048.jpg 1448w, https:\/\/esvb-tt.fr\/wp-content\/uploads\/2025\/09\/Entrainement-dirige.jpg 1587w\" sizes=\"(max-width: 724px) 100vw, 724px\" \/><\/figure>\n\n\n\n<p><\/p>\n\n\n\n<p><\/p>\n\n\n\n<p><\/p>\n\n\n\n<p><\/p>\n\n\n\n<p><\/p>\n","protected":false},"excerpt":{"rendered":"<p>2026 se poursuit&#8230; On avance tranquillement dans la saison&#8230; avant le week-end de P\u00e2ques, une soir\u00e9e \u00ab\u00a0ultimate Ping\u00a0\u00bb et Pizza \ud83d\ude42 Entra\u00eenement Jeunes d\u00e9butants Tous les mercredis, Arnaud (entra\u00eeneur b\u00e9n\u00e9vole) encadre vos enfants de 17h30 \u00e0 18h30, \u00e0 la salle des sports de Baun\u00e9&#8230; une initiation, une d\u00e9couverte et vite les premi\u00e8res progressions. Entra\u00eenement dirig\u00e9 [&hellip;]<\/p>\n","protected":false},"author":1,"featured_media":0,"parent":0,"menu_order":0,"comment_status":"closed","ping_status":"closed","template":"","meta":{"om_disable_all_campaigns":false,"_monsterinsights_skip_tracking":false,"_monsterinsights_sitenote_active":false,"_monsterinsights_sitenote_note":"","_monsterinsights_sitenote_category":0,"footnotes":""},"class_list":["post-402","page","type-page","status-publish","hentry"],"aioseo_notices":[],"_links":{"self":[{"href":"https:\/\/esvb-tt.fr\/index.php?rest_route=\/wp\/v2\/pages\/402","targetHints":{"allow":["GET"]}}],"collection":[{"href":"https:\/\/esvb-tt.fr\/index.php?rest_route=\/wp\/v2\/pages"}],"about":[{"href":"https:\/\/esvb-tt.fr\/index.php?rest_route=\/wp\/v2\/types\/page"}],"author":[{"embeddable":true,"href":"https:\/\/esvb-tt.fr\/index.php?rest_route=\/wp\/v2\/users\/1"}],"replies":[{"embeddable":true,"href":"https:\/\/esvb-tt.fr\/index.php?rest_route=%2Fwp%2Fv2%2Fcomments&post=402"}],"version-history":[{"count":60,"href":"https:\/\/esvb-tt.fr\/index.php?rest_route=\/wp\/v2\/pages\/402\/revisions"}],"predecessor-version":[{"id":1059,"href":"https:\/\/esvb-tt.fr\/index.php?rest_route=\/wp\/v2\/pages\/402\/revisions\/1059"}],"wp:attachment":[{"href":"https:\/\/esvb-tt.fr\/index.php?rest_route=%2Fwp%2Fv2%2Fmedia&parent=402"}],"curies":[{"name":"wp","href":"https:\/\/api.w.org\/{rel}","templated":true}]}}